{"id":996,"date":"2021-04-11T18:19:39","date_gmt":"2021-04-11T16:19:39","guid":{"rendered":"http:\/\/lamm-soin.com\/?page_id=996"},"modified":"2026-03-31T12:38:32","modified_gmt":"2026-03-31T10:38:32","slug":"particulier","status":"publish","type":"page","link":"https:\/\/lamm-soin.com\/index.php\/particulier\/","title":{"rendered":"PARTICULIER"},"content":{"rendered":"\t\t<div data-elementor-type=\"wp-page\" data-elementor-id=\"996\" class=\"elementor elementor-996\">\n\t\t\t\t\t\t<section class=\"elementor-section elementor-top-section elementor-element elementor-element-32cb30a2 elementor-section-height-min-height elementor-section-boxed elementor-section-height-default elementor-section-items-middle\" data-id=\"32cb30a2\" data-element_type=\"section\" data-e-type=\"section\" data-settings=\"{&quot;background_background&quot;:&quot;classic&quot;}\">\n\t\t\t\t\t\t<div class=\"elementor-container elementor-column-gap-default\">\n\t\t\t\t\t<div class=\"elementor-column elementor-col-100 elementor-top-column elementor-element elementor-element-22c80a41\" data-id=\"22c80a41\" data-element_type=\"column\" data-e-type=\"column\" data-settings=\"{&quot;background_background&quot;:&quot;classic&quot;}\">\n\t\t\t<div class=\"elementor-widget-wrap elementor-element-populated\">\n\t\t\t\t\t\t<div class=\"elementor-element elementor-element-a57fd73 elementor-widget elementor-widget-heading\" data-id=\"a57fd73\" data-element_type=\"widget\" data-e-type=\"widget\" data-widget_type=\"heading.default\">\n\t\t\t\t<div class=\"elementor-widget-container\">\n\t\t\t\t\t<h2 class=\"elementor-heading-title elementor-size-default\">pour vous<\/h2>\t\t\t\t<\/div>\n\t\t\t\t<\/div>\n\t\t\t\t<div class=\"elementor-element elementor-element-2e1333b elementor-widget elementor-widget-text-editor\" data-id=\"2e1333b\" data-element_type=\"widget\" data-e-type=\"widget\" data-widget_type=\"text-editor.default\">\n\t\t\t\t<div class=\"elementor-widget-container\">\n\t\t\t\t\t\t\t\t\t<p style=\"text-align: left;\">\u00ab\u00a0Et si au lieu de SOI-NIER on commen\u00e7ait par GAI-RIRE\u00a0\u00bb<\/p>\t\t\t\t\t\t\t\t<\/div>\n\t\t\t\t<\/div>\n\t\t\t\t\t<\/div>\n\t\t<\/div>\n\t\t\t\t\t<\/div>\n\t\t<\/section>\n\t\t\t\t<section class=\"elementor-section elementor-top-section elementor-element elementor-element-644db022 elementor-section-boxed elementor-section-height-default elementor-section-height-default\" data-id=\"644db022\" data-element_type=\"section\" data-e-type=\"section\">\n\t\t\t\t\t\t<div class=\"elementor-container elementor-column-gap-no\">\n\t\t\t\t\t<div class=\"elementor-column elementor-col-100 elementor-top-column elementor-element elementor-element-470e9f5d\" data-id=\"470e9f5d\" data-element_type=\"column\" data-e-type=\"column\">\n\t\t\t<div class=\"elementor-widget-wrap elementor-element-populated\">\n\t\t\t\t\t\t<div class=\"elementor-element elementor-element-3e9d2ae2 elementor-widget elementor-widget-heading\" data-id=\"3e9d2ae2\" data-element_type=\"widget\" data-e-type=\"widget\" data-widget_type=\"heading.default\">\n\t\t\t\t<div class=\"elementor-widget-container\">\n\t\t\t\t\t<h2 class=\"elementor-heading-title elementor-size-large\">nos propositions<\/h2>\t\t\t\t<\/div>\n\t\t\t\t<\/div>\n\t\t\t\t<section class=\"elementor-section elementor-inner-section elementor-element elementor-element-8c4402e elementor-section-boxed elementor-section-height-default elementor-section-height-default\" data-id=\"8c4402e\" data-element_type=\"section\" data-e-type=\"section\" data-settings=\"{&quot;background_background&quot;:&quot;classic&quot;}\">\n\t\t\t\t\t\t<div class=\"elementor-container elementor-column-gap-no\">\n\t\t\t\t\t<div class=\"elementor-column elementor-col-50 elementor-inner-column elementor-element elementor-element-164f582\" data-id=\"164f582\" data-element_type=\"column\" data-e-type=\"column\" data-settings=\"{&quot;background_background&quot;:&quot;classic&quot;}\">\n\t\t\t<div class=\"elementor-widget-wrap elementor-element-populated\">\n\t\t\t\t\t\t<div class=\"elementor-element elementor-element-d15e509 elementor-widget elementor-widget-image\" data-id=\"d15e509\" data-element_type=\"widget\" data-e-type=\"widget\" data-widget_type=\"image.default\">\n\t\t\t\t<div class=\"elementor-widget-container\">\n\t\t\t\t\t\t\t\t\t\t\t\t<figure class=\"wp-caption\">\n\t\t\t\t\t\t\t\t\t\t\t<a href=\"https:\/\/www.belambra.fr\/club-vacances-presqu-ile-de-giens\">\n\t\t\t\t\t\t\t<img fetchpriority=\"high\" decoding=\"async\" width=\"600\" height=\"399\" src=\"https:\/\/lamm-soin.com\/wp-content\/uploads\/2021\/05\/belambra-new.jpg\" class=\"attachment-large size-large wp-image-3123\" alt=\"\" srcset=\"https:\/\/lamm-soin.com\/wp-content\/uploads\/2021\/05\/belambra-new.jpg 600w, https:\/\/lamm-soin.com\/wp-content\/uploads\/2021\/05\/belambra-new-300x200.jpg 300w\" sizes=\"(max-width: 600px) 100vw, 600px\" \/>\t\t\t\t\t\t\t\t<\/a>\n\t\t\t\t\t\t\t\t\t\t\t<figcaption class=\"widget-image-caption wp-caption-text\">AU BELAMBRA<\/figcaption>\n\t\t\t\t\t\t\t\t\t\t<\/figure>\n\t\t\t\t\t\t\t\t\t<\/div>\n\t\t\t\t<\/div>\n\t\t\t\t<div class=\"elementor-element elementor-element-e324d84 elementor-widget-divider--view-line elementor-widget elementor-widget-divider\" data-id=\"e324d84\" data-element_type=\"widget\" data-e-type=\"widget\" data-widget_type=\"divider.default\">\n\t\t\t\t<div class=\"elementor-widget-container\">\n\t\t\t\t\t\t\t<div class=\"elementor-divider\">\n\t\t\t<span class=\"elementor-divider-separator\">\n\t\t\t\t\t\t<\/span>\n\t\t<\/div>\n\t\t\t\t\t\t<\/div>\n\t\t\t\t<\/div>\n\t\t\t\t<div class=\"elementor-element elementor-element-3bbcc81 elementor-widget elementor-widget-text-editor\" data-id=\"3bbcc81\" data-element_type=\"widget\" data-e-type=\"widget\" data-widget_type=\"text-editor.default\">\n\t\t\t\t<div class=\"elementor-widget-container\">\n\t\t\t\t\t\t\t\t\t<p style=\"text-align: center;\">De Avril \u00e0 Octobre profitez d&rsquo;un cadre exceptionnel pour vos soins sur la presqu&rsquo;\u00eele de Giens !<\/p><p>Nous vous accueillons dans une salle d\u00e9di\u00e9e au bien-\u00eatre. Vos massages peuvent \u00e9galement \u00eatre r\u00e9alis\u00e9e \u00e0 l&rsquo;ext\u00e9rieur face \u00e0 la mer.<\/p>\t\t\t\t\t\t\t\t<\/div>\n\t\t\t\t<\/div>\n\t\t\t\t\t<\/div>\n\t\t<\/div>\n\t\t\t\t<div class=\"elementor-column elementor-col-50 elementor-inner-column elementor-element elementor-element-336049d\" data-id=\"336049d\" data-element_type=\"column\" data-e-type=\"column\" data-settings=\"{&quot;background_background&quot;:&quot;classic&quot;}\">\n\t\t\t<div class=\"elementor-widget-wrap elementor-element-populated\">\n\t\t\t\t\t\t<div class=\"elementor-element elementor-element-8afb28d elementor-widget elementor-widget-image\" data-id=\"8afb28d\" data-element_type=\"widget\" data-e-type=\"widget\" data-widget_type=\"image.default\">\n\t\t\t\t<div class=\"elementor-widget-container\">\n\t\t\t\t\t\t\t\t\t\t\t\t<figure class=\"wp-caption\">\n\t\t\t\t\t\t\t\t\t\t<img decoding=\"async\" width=\"600\" height=\"399\" src=\"https:\/\/lamm-soin.com\/wp-content\/uploads\/2021\/05\/anniversaire-new.jpg\" class=\"attachment-large size-large wp-image-3119\" alt=\"\" srcset=\"https:\/\/lamm-soin.com\/wp-content\/uploads\/2021\/05\/anniversaire-new.jpg 600w, https:\/\/lamm-soin.com\/wp-content\/uploads\/2021\/05\/anniversaire-new-300x200.jpg 300w\" sizes=\"(max-width: 600px) 100vw, 600px\" \/>\t\t\t\t\t\t\t\t\t\t\t<figcaption class=\"widget-image-caption wp-caption-text\">VOS EVENEMENTS<\/figcaption>\n\t\t\t\t\t\t\t\t\t\t<\/figure>\n\t\t\t\t\t\t\t\t\t<\/div>\n\t\t\t\t<\/div>\n\t\t\t\t<div class=\"elementor-element elementor-element-444487d elementor-widget-divider--view-line elementor-widget elementor-widget-divider\" data-id=\"444487d\" data-element_type=\"widget\" data-e-type=\"widget\" data-widget_type=\"divider.default\">\n\t\t\t\t<div class=\"elementor-widget-container\">\n\t\t\t\t\t\t\t<div class=\"elementor-divider\">\n\t\t\t<span class=\"elementor-divider-separator\">\n\t\t\t\t\t\t<\/span>\n\t\t<\/div>\n\t\t\t\t\t\t<\/div>\n\t\t\t\t<\/div>\n\t\t\t\t<div class=\"elementor-element elementor-element-9916892 elementor-widget elementor-widget-text-editor\" data-id=\"9916892\" data-element_type=\"widget\" data-e-type=\"widget\" data-widget_type=\"text-editor.default\">\n\t\t\t\t<div class=\"elementor-widget-container\">\n\t\t\t\t\t\t\t\t\t<p style=\"text-align: center;\">Cr\u00e9ez la surprise lors d&rsquo;un EVJ, d&rsquo;un anniversaire ou tout autre \u00e9v\u00e8nement !<\/p><p style=\"text-align: center;\">Vous souhaitez chouchoutez vos invit\u00e9s. Nous cr\u00e9ons des programmes de soins \u00e0 mesure de vos envies.<\/p>\t\t\t\t\t\t\t\t<\/div>\n\t\t\t\t<\/div>\n\t\t\t\t\t<\/div>\n\t\t<\/div>\n\t\t\t\t\t<\/div>\n\t\t<\/section>\n\t\t\t\t<section class=\"elementor-section elementor-inner-section elementor-element elementor-element-9203b5a elementor-section-boxed elementor-section-height-default elementor-section-height-default\" data-id=\"9203b5a\" data-element_type=\"section\" data-e-type=\"section\" data-settings=\"{&quot;background_background&quot;:&quot;classic&quot;}\">\n\t\t\t\t\t\t<div class=\"elementor-container elementor-column-gap-no\">\n\t\t\t\t\t<div class=\"elementor-column elementor-col-50 elementor-inner-column elementor-element elementor-element-703a7bb\" data-id=\"703a7bb\" data-element_type=\"column\" data-e-type=\"column\" data-settings=\"{&quot;background_background&quot;:&quot;classic&quot;}\">\n\t\t\t<div class=\"elementor-widget-wrap elementor-element-populated\">\n\t\t\t\t\t\t<div class=\"elementor-element elementor-element-cfed2b1 elementor-widget elementor-widget-image\" data-id=\"cfed2b1\" data-element_type=\"widget\" data-e-type=\"widget\" data-widget_type=\"image.default\">\n\t\t\t\t<div class=\"elementor-widget-container\">\n\t\t\t\t\t\t\t\t\t\t\t\t<figure class=\"wp-caption\">\n\t\t\t\t\t\t\t\t\t\t<img decoding=\"async\" width=\"600\" height=\"399\" src=\"https:\/\/lamm-soin.com\/wp-content\/uploads\/2021\/05\/pied-weekend-particulier.jpg\" class=\"attachment-large size-large wp-image-3115\" alt=\"\" srcset=\"https:\/\/lamm-soin.com\/wp-content\/uploads\/2021\/05\/pied-weekend-particulier.jpg 600w, https:\/\/lamm-soin.com\/wp-content\/uploads\/2021\/05\/pied-weekend-particulier-300x200.jpg 300w\" sizes=\"(max-width: 600px) 100vw, 600px\" \/>\t\t\t\t\t\t\t\t\t\t\t<figcaption class=\"widget-image-caption wp-caption-text\">VOS WEEKENDS \/ VACANCES<\/figcaption>\n\t\t\t\t\t\t\t\t\t\t<\/figure>\n\t\t\t\t\t\t\t\t\t<\/div>\n\t\t\t\t<\/div>\n\t\t\t\t<div class=\"elementor-element elementor-element-c8b6d66 elementor-widget-divider--view-line elementor-widget elementor-widget-divider\" data-id=\"c8b6d66\" data-element_type=\"widget\" data-e-type=\"widget\" data-widget_type=\"divider.default\">\n\t\t\t\t<div class=\"elementor-widget-container\">\n\t\t\t\t\t\t\t<div class=\"elementor-divider\">\n\t\t\t<span class=\"elementor-divider-separator\">\n\t\t\t\t\t\t<\/span>\n\t\t<\/div>\n\t\t\t\t\t\t<\/div>\n\t\t\t\t<\/div>\n\t\t\t\t<div class=\"elementor-element elementor-element-06ea828 elementor-widget elementor-widget-text-editor\" data-id=\"06ea828\" data-element_type=\"widget\" data-e-type=\"widget\" data-widget_type=\"text-editor.default\">\n\t\t\t\t<div class=\"elementor-widget-container\">\n\t\t\t\t\t\t\t\t\t<p style=\"text-align: center;\">Vous venez passer un moment dans les environs de Hy\u00e8res, nous nous d\u00e9pla\u00e7ons dans votre logement de vacances.<\/p>\t\t\t\t\t\t\t\t<\/div>\n\t\t\t\t<\/div>\n\t\t\t\t\t<\/div>\n\t\t<\/div>\n\t\t\t\t<div class=\"elementor-column elementor-col-50 elementor-inner-column elementor-element elementor-element-f689767\" data-id=\"f689767\" data-element_type=\"column\" data-e-type=\"column\" data-settings=\"{&quot;background_background&quot;:&quot;classic&quot;}\">\n\t\t\t<div class=\"elementor-widget-wrap elementor-element-populated\">\n\t\t\t\t\t\t<div class=\"elementor-element elementor-element-2165fff elementor-widget elementor-widget-image\" data-id=\"2165fff\" data-element_type=\"widget\" data-e-type=\"widget\" data-widget_type=\"image.default\">\n\t\t\t\t<div class=\"elementor-widget-container\">\n\t\t\t\t\t\t\t\t\t\t\t\t<figure class=\"wp-caption\">\n\t\t\t\t\t\t\t\t\t\t<img loading=\"lazy\" decoding=\"async\" width=\"600\" height=\"399\" src=\"https:\/\/lamm-soin.com\/wp-content\/uploads\/2021\/04\/domicile.jpg\" class=\"attachment-medium_large size-medium_large wp-image-2901\" alt=\"\" srcset=\"https:\/\/lamm-soin.com\/wp-content\/uploads\/2021\/04\/domicile.jpg 600w, https:\/\/lamm-soin.com\/wp-content\/uploads\/2021\/04\/domicile-300x200.jpg 300w\" sizes=\"(max-width: 600px) 100vw, 600px\" \/>\t\t\t\t\t\t\t\t\t\t\t<figcaption class=\"widget-image-caption wp-caption-text\">A DOMICILE<\/figcaption>\n\t\t\t\t\t\t\t\t\t\t<\/figure>\n\t\t\t\t\t\t\t\t\t<\/div>\n\t\t\t\t<\/div>\n\t\t\t\t<div class=\"elementor-element elementor-element-7164b16 elementor-widget-divider--view-line elementor-widget elementor-widget-divider\" data-id=\"7164b16\" data-element_type=\"widget\" data-e-type=\"widget\" data-widget_type=\"divider.default\">\n\t\t\t\t<div class=\"elementor-widget-container\">\n\t\t\t\t\t\t\t<div class=\"elementor-divider\">\n\t\t\t<span class=\"elementor-divider-separator\">\n\t\t\t\t\t\t<\/span>\n\t\t<\/div>\n\t\t\t\t\t\t<\/div>\n\t\t\t\t<\/div>\n\t\t\t\t<div class=\"elementor-element elementor-element-309c878 elementor-widget elementor-widget-text-editor\" data-id=\"309c878\" data-element_type=\"widget\" data-e-type=\"widget\" data-widget_type=\"text-editor.default\">\n\t\t\t\t<div class=\"elementor-widget-container\">\n\t\t\t\t\t\t\t\t\t<p style=\"text-align: center;\">Envie de vous offrir une parenth\u00e8se de douceur tout en restant chez vous, nous cr\u00e9ons une bulle de bien-\u00eatre dans votre environnement, int\u00e9rieur comme ext\u00e9rieur.<\/p>\t\t\t\t\t\t\t\t<\/div>\n\t\t\t\t<\/div>\n\t\t\t\t\t<\/div>\n\t\t<\/div>\n\t\t\t\t\t<\/div>\n\t\t<\/section>\n\t\t\t\t\t<\/div>\n\t\t<\/div>\n\t\t\t\t\t<\/div>\n\t\t<\/section>\n\t\t\t\t<section class=\"elementor-section elementor-top-section elementor-element elementor-element-52a0c6e elementor-section-boxed elementor-section-height-default elementor-section-height-default\" data-id=\"52a0c6e\" data-element_type=\"section\" data-e-type=\"section\">\n\t\t\t\t\t\t<div class=\"elementor-container elementor-column-gap-default\">\n\t\t\t\t\t<div class=\"elementor-column elementor-col-100 elementor-top-column elementor-element elementor-element-ede4719\" data-id=\"ede4719\" data-element_type=\"column\" data-e-type=\"column\">\n\t\t\t<div class=\"elementor-widget-wrap elementor-element-populated\">\n\t\t\t\t\t\t<div class=\"elementor-element elementor-element-d10888d elementor-align-center elementor-widget elementor-widget-button\" data-id=\"d10888d\" data-element_type=\"widget\" data-e-type=\"widget\" data-widget_type=\"button.default\">\n\t\t\t\t<div class=\"elementor-widget-container\">\n\t\t\t\t\t\t\t\t\t<div class=\"elementor-button-wrapper\">\n\t\t\t\t\t<a class=\"elementor-button elementor-button-link elementor-size-xl\" href=\"https:\/\/lamm-soin.com\/index.php\/contact-2\/\">\n\t\t\t\t\t\t<span class=\"elementor-button-content-wrapper\">\n\t\t\t\t\t\t\t\t\t<span class=\"elementor-button-text\">DEMANDEZ UN DEVIS<\/span>\n\t\t\t\t\t<\/span>\n\t\t\t\t\t<\/a>\n\t\t\t\t<\/div>\n\t\t\t\t\t\t\t\t<\/div>\n\t\t\t\t<\/div>\n\t\t\t\t\t<\/div>\n\t\t<\/div>\n\t\t\t\t\t<\/div>\n\t\t<\/section>\n\t\t\t\t<\/div>\n\t\t","protected":false},"excerpt":{"rendered":"<p>pour vous \u00ab\u00a0Et si au lieu de SOI-NIER on commen\u00e7ait par GAI-RIRE\u00a0\u00bb nos propositions AU BELAMBRA De Avril \u00e0 Octobre profitez d&rsquo;un cadre exceptionnel pour vos soins sur la presqu&rsquo;\u00eele de Giens ! Nous vous accueillons dans une salle d\u00e9di\u00e9e au bien-\u00eatre. Vos massages peuvent \u00e9galement \u00eatre r\u00e9alis\u00e9e \u00e0 l&rsquo;ext\u00e9rieur face \u00e0 la mer. VOS [&hellip;]<\/p>\n","protected":false},"author":3,"featured_media":0,"parent":0,"menu_order":0,"comment_status":"closed","ping_status":"closed","template":"","meta":{"_monsterinsights_skip_tracking":false,"_monsterinsights_sitenote_active":false,"_monsterinsights_sitenote_note":"","_monsterinsights_sitenote_category":0,"site-sidebar-layout":"no-sidebar","site-content-layout":"page-builder","ast-site-content-layout":"","site-content-style":"default","site-sidebar-style":"default","ast-global-header-display":"","ast-banner-title-visibility":"","ast-main-header-display":"","ast-hfb-above-header-display":"","ast-hfb-below-header-display":"","ast-hfb-mobile-header-display":"","site-post-title":"disabled","ast-breadcrumbs-content":"","ast-featured-img":"","footer-sml-layout":"","theme-transparent-header-meta":"default","adv-header-id-meta":"","stick-header-meta":"","header-above-stick-meta":"","header-main-stick-meta":"","header-below-stick-meta":"","astra-migrate-meta-layouts":"default","ast-page-background-enabled":"default","ast-page-background-meta":{"desktop":{"background-color":"","background-image":"","background-repeat":"repeat","background-position":"center center","background-size":"auto","background-attachment":"scroll","background-type":"","background-media":"","overlay-type":"","overlay-color":"","overlay-opacity":"","overlay-gradient":""},"tablet":{"background-color":"","background-image":"","background-repeat":"repeat","background-position":"center center","background-size":"auto","background-attachment":"scroll","background-type":"","background-media":"","overlay-type":"","overlay-color":"","overlay-opacity":"","overlay-gradient":""},"mobile":{"background-color":"","background-image":"","background-repeat":"repeat","background-position":"center center","background-size":"auto","background-attachment":"scroll","background-type":"","background-media":"","overlay-type":"","overlay-color":"","overlay-opacity":"","overlay-gradient":""}},"ast-content-background-meta":{"desktop":{"background-color":"var(--ast-global-color-5)","background-image":"","background-repeat":"repeat","background-position":"center center","background-size":"auto","background-attachment":"scroll","background-type":"","background-media":"","overlay-type":"","overlay-color":"","overlay-opacity":"","overlay-gradient":""},"tablet":{"background-color":"var(--ast-global-color-5)","background-image":"","background-repeat":"repeat","background-position":"center center","background-size":"auto","background-attachment":"scroll","background-type":"","background-media":"","overlay-type":"","overlay-color":"","overlay-opacity":"","overlay-gradient":""},"mobile":{"background-color":"var(--ast-global-color-5)","background-image":"","background-repeat":"repeat","background-position":"center center","background-size":"auto","background-attachment":"scroll","background-type":"","background-media":"","overlay-type":"","overlay-color":"","overlay-opacity":"","overlay-gradient":""}},"footnotes":""},"class_list":["post-996","page","type-page","status-publish","hentry"],"yoast_head":"<!-- This site is optimized with the Yoast SEO plugin v26.8 - https:\/\/yoast.com\/product\/yoast-seo-wordpress\/ -->\n<title>PARTICULIER - LAMM<\/title>\n<meta name=\"robots\" content=\"index, follow, max-snippet:-1, max-image-preview:large, max-video-preview:-1\" \/>\n<link rel=\"canonical\" href=\"https:\/\/lamm-soin.com\/index.php\/particulier\/\" \/>\n<meta property=\"og:locale\" content=\"fr_FR\" \/>\n<meta property=\"og:type\" content=\"article\" \/>\n<meta property=\"og:title\" content=\"PARTICULIER - LAMM\" \/>\n<meta property=\"og:description\" content=\"pour vous \u00ab\u00a0Et si au lieu de SOI-NIER on commen\u00e7ait par GAI-RIRE\u00a0\u00bb nos propositions AU BELAMBRA De Avril \u00e0 Octobre profitez d&rsquo;un cadre exceptionnel pour vos soins sur la presqu&rsquo;\u00eele de Giens ! Nous vous accueillons dans une salle d\u00e9di\u00e9e au bien-\u00eatre. Vos massages peuvent \u00e9galement \u00eatre r\u00e9alis\u00e9e \u00e0 l&rsquo;ext\u00e9rieur face \u00e0 la mer. VOS [&hellip;]\" \/>\n<meta property=\"og:url\" content=\"https:\/\/lamm-soin.com\/index.php\/particulier\/\" \/>\n<meta property=\"og:site_name\" content=\"LAMM\" \/>\n<meta property=\"article:modified_time\" content=\"2026-03-31T10:38:32+00:00\" \/>\n<meta property=\"og:image\" content=\"https:\/\/lamm-soin.com\/wp-content\/uploads\/2021\/05\/belambra-new.jpg\" \/>\n\t<meta property=\"og:image:width\" content=\"600\" \/>\n\t<meta property=\"og:image:height\" content=\"399\" \/>\n\t<meta property=\"og:image:type\" content=\"image\/jpeg\" \/>\n<meta name=\"twitter:card\" content=\"summary_large_image\" \/>\n<meta name=\"twitter:label1\" content=\"Dur\u00e9e de lecture estim\u00e9e\" \/>\n\t<meta name=\"twitter:data1\" content=\"2 minutes\" \/>\n<script type=\"application\/ld+json\" class=\"yoast-schema-graph\">{\"@context\":\"https:\/\/schema.org\",\"@graph\":[{\"@type\":\"WebPage\",\"@id\":\"https:\/\/lamm-soin.com\/index.php\/particulier\/\",\"url\":\"https:\/\/lamm-soin.com\/index.php\/particulier\/\",\"name\":\"PARTICULIER - LAMM\",\"isPartOf\":{\"@id\":\"https:\/\/lamm-soin.com\/#website\"},\"primaryImageOfPage\":{\"@id\":\"https:\/\/lamm-soin.com\/index.php\/particulier\/#primaryimage\"},\"image\":{\"@id\":\"https:\/\/lamm-soin.com\/index.php\/particulier\/#primaryimage\"},\"thumbnailUrl\":\"https:\/\/lamm-soin.com\/wp-content\/uploads\/2021\/05\/belambra-new.jpg\",\"datePublished\":\"2021-04-11T16:19:39+00:00\",\"dateModified\":\"2026-03-31T10:38:32+00:00\",\"breadcrumb\":{\"@id\":\"https:\/\/lamm-soin.com\/index.php\/particulier\/#breadcrumb\"},\"inLanguage\":\"fr-FR\",\"potentialAction\":[{\"@type\":\"ReadAction\",\"target\":[\"https:\/\/lamm-soin.com\/index.php\/particulier\/\"]}]},{\"@type\":\"ImageObject\",\"inLanguage\":\"fr-FR\",\"@id\":\"https:\/\/lamm-soin.com\/index.php\/particulier\/#primaryimage\",\"url\":\"https:\/\/lamm-soin.com\/wp-content\/uploads\/2021\/05\/belambra-new.jpg\",\"contentUrl\":\"https:\/\/lamm-soin.com\/wp-content\/uploads\/2021\/05\/belambra-new.jpg\",\"width\":600,\"height\":399},{\"@type\":\"BreadcrumbList\",\"@id\":\"https:\/\/lamm-soin.com\/index.php\/particulier\/#breadcrumb\",\"itemListElement\":[{\"@type\":\"ListItem\",\"position\":1,\"name\":\"Accueil\",\"item\":\"https:\/\/lamm-soin.com\/\"},{\"@type\":\"ListItem\",\"position\":2,\"name\":\"PARTICULIER\"}]},{\"@type\":\"WebSite\",\"@id\":\"https:\/\/lamm-soin.com\/#website\",\"url\":\"https:\/\/lamm-soin.com\/\",\"name\":\"LAMM\",\"description\":\"massage\/beaut\u00e9 bio et sur-mesure\",\"potentialAction\":[{\"@type\":\"SearchAction\",\"target\":{\"@type\":\"EntryPoint\",\"urlTemplate\":\"https:\/\/lamm-soin.com\/?s={search_term_string}\"},\"query-input\":{\"@type\":\"PropertyValueSpecification\",\"valueRequired\":true,\"valueName\":\"search_term_string\"}}],\"inLanguage\":\"fr-FR\"}]}<\/script>\n<!-- \/ Yoast SEO plugin. -->","yoast_head_json":{"title":"PARTICULIER - LAMM","robots":{"index":"index","follow":"follow","max-snippet":"max-snippet:-1","max-image-preview":"max-image-preview:large","max-video-preview":"max-video-preview:-1"},"canonical":"https:\/\/lamm-soin.com\/index.php\/particulier\/","og_locale":"fr_FR","og_type":"article","og_title":"PARTICULIER - LAMM","og_description":"pour vous \u00ab\u00a0Et si au lieu de SOI-NIER on commen\u00e7ait par GAI-RIRE\u00a0\u00bb nos propositions AU BELAMBRA De Avril \u00e0 Octobre profitez d&rsquo;un cadre exceptionnel pour vos soins sur la presqu&rsquo;\u00eele de Giens ! Nous vous accueillons dans une salle d\u00e9di\u00e9e au bien-\u00eatre. Vos massages peuvent \u00e9galement \u00eatre r\u00e9alis\u00e9e \u00e0 l&rsquo;ext\u00e9rieur face \u00e0 la mer. VOS [&hellip;]","og_url":"https:\/\/lamm-soin.com\/index.php\/particulier\/","og_site_name":"LAMM","article_modified_time":"2026-03-31T10:38:32+00:00","og_image":[{"width":600,"height":399,"url":"https:\/\/lamm-soin.com\/wp-content\/uploads\/2021\/05\/belambra-new.jpg","type":"image\/jpeg"}],"twitter_card":"summary_large_image","twitter_misc":{"Dur\u00e9e de lecture estim\u00e9e":"2 minutes"},"schema":{"@context":"https:\/\/schema.org","@graph":[{"@type":"WebPage","@id":"https:\/\/lamm-soin.com\/index.php\/particulier\/","url":"https:\/\/lamm-soin.com\/index.php\/particulier\/","name":"PARTICULIER - LAMM","isPartOf":{"@id":"https:\/\/lamm-soin.com\/#website"},"primaryImageOfPage":{"@id":"https:\/\/lamm-soin.com\/index.php\/particulier\/#primaryimage"},"image":{"@id":"https:\/\/lamm-soin.com\/index.php\/particulier\/#primaryimage"},"thumbnailUrl":"https:\/\/lamm-soin.com\/wp-content\/uploads\/2021\/05\/belambra-new.jpg","datePublished":"2021-04-11T16:19:39+00:00","dateModified":"2026-03-31T10:38:32+00:00","breadcrumb":{"@id":"https:\/\/lamm-soin.com\/index.php\/particulier\/#breadcrumb"},"inLanguage":"fr-FR","potentialAction":[{"@type":"ReadAction","target":["https:\/\/lamm-soin.com\/index.php\/particulier\/"]}]},{"@type":"ImageObject","inLanguage":"fr-FR","@id":"https:\/\/lamm-soin.com\/index.php\/particulier\/#primaryimage","url":"https:\/\/lamm-soin.com\/wp-content\/uploads\/2021\/05\/belambra-new.jpg","contentUrl":"https:\/\/lamm-soin.com\/wp-content\/uploads\/2021\/05\/belambra-new.jpg","width":600,"height":399},{"@type":"BreadcrumbList","@id":"https:\/\/lamm-soin.com\/index.php\/particulier\/#breadcrumb","itemListElement":[{"@type":"ListItem","position":1,"name":"Accueil","item":"https:\/\/lamm-soin.com\/"},{"@type":"ListItem","position":2,"name":"PARTICULIER"}]},{"@type":"WebSite","@id":"https:\/\/lamm-soin.com\/#website","url":"https:\/\/lamm-soin.com\/","name":"LAMM","description":"massage\/beaut\u00e9 bio et sur-mesure","potentialAction":[{"@type":"SearchAction","target":{"@type":"EntryPoint","urlTemplate":"https:\/\/lamm-soin.com\/?s={search_term_string}"},"query-input":{"@type":"PropertyValueSpecification","valueRequired":true,"valueName":"search_term_string"}}],"inLanguage":"fr-FR"}]}},"_links":{"self":[{"href":"https:\/\/lamm-soin.com\/index.php\/wp-json\/wp\/v2\/pages\/996","targetHints":{"allow":["GET"]}}],"collection":[{"href":"https:\/\/lamm-soin.com\/index.php\/wp-json\/wp\/v2\/pages"}],"about":[{"href":"https:\/\/lamm-soin.com\/index.php\/wp-json\/wp\/v2\/types\/page"}],"author":[{"embeddable":true,"href":"https:\/\/lamm-soin.com\/index.php\/wp-json\/wp\/v2\/users\/3"}],"replies":[{"embeddable":true,"href":"https:\/\/lamm-soin.com\/index.php\/wp-json\/wp\/v2\/comments?post=996"}],"version-history":[{"count":12,"href":"https:\/\/lamm-soin.com\/index.php\/wp-json\/wp\/v2\/pages\/996\/revisions"}],"predecessor-version":[{"id":6092,"href":"https:\/\/lamm-soin.com\/index.php\/wp-json\/wp\/v2\/pages\/996\/revisions\/6092"}],"wp:attachment":[{"href":"https:\/\/lamm-soin.com\/index.php\/wp-json\/wp\/v2\/media?parent=996"}],"curies":[{"name":"wp","href":"https:\/\/api.w.org\/{rel}","templated":true}]}}